{"id":8168,"date":"2021-03-30T10:06:02","date_gmt":"2021-03-30T08:06:02","guid":{"rendered":"http:\/\/lesplaisirsdantan.turismok.com\/contact\/"},"modified":"2024-08-27T09:29:06","modified_gmt":"2024-08-27T07:29:06","slug":"contact","status":"publish","type":"page","link":"https:\/\/lathuileapartments.com\/fr\/contact\/","title":{"rendered":"Contacts"},"content":{"rendered":"\t\t<div data-elementor-type=\"wp-page\" data-elementor-id=\"8168\" class=\"elementor elementor-8168 elementor-483\">\n\t\t\t\t\t\t<section class=\"elementor-section elementor-top-section elementor-element elementor-element-b34b356 elementor-section-stretched elementor-section-boxed elementor-section-height-default elementor-section-height-default\" data-id=\"b34b356\" data-element_type=\"section\" data-e-type=\"section\" data-settings=\"{&quot;stretch_section&quot;:&quot;section-stretched&quot;}\">\n\t\t\t\t\t\t<div class=\"elementor-container elementor-column-gap-default\">\n\t\t\t\t\t<div class=\"elementor-column elementor-col-100 elementor-top-column elementor-element elementor-element-acd11d8\" data-id=\"acd11d8\" data-element_type=\"column\" data-e-type=\"column\">\n\t\t\t<div class=\"elementor-widget-wrap elementor-element-populated\">\n\t\t\t\t\t\t<div class=\"elementor-element elementor-element-2bddb06 elementor-widget elementor-widget-slider_revolution\" data-id=\"2bddb06\" data-element_type=\"widget\" data-e-type=\"widget\" data-widget_type=\"slider_revolution.default\">\n\t\t\t\t<div class=\"elementor-widget-container\">\n\t\t\t\t\t\n\t\t<div class=\"wp-block-themepunch-revslider\">\n\t\t\t<!-- START Contatti FRA REVOLUTION SLIDER 6.7.41 --><p class=\"rs-p-wp-fix\"><\/p>\n\t\t\t<rs-module-wrap id=\"rev_slider_40_1_wrapper\" data-source=\"gallery\" style=\"visibility:hidden;background:transparent;padding:0;\">\n\t\t\t\t<rs-module id=\"rev_slider_40_1\" style=\"\" data-version=\"6.7.41\">\n\t\t\t\t\t<rs-slides style=\"overflow: hidden; position: absolute;\">\n\t\t\t\t\t\t<rs-slide style=\"position: absolute;\" data-key=\"rs-157\" data-title=\"la thuile apartments\" data-thumb=\"\/\/lathuileapartments.com\/wp-content\/uploads\/2024\/07\/appartamento-a-la-thuile-9-100x50.jpg\" data-duration=\"6000\" data-anim=\"e:slidingoverlay;ms:2000;\" data-in=\"o:1;x:(100%);\">\n\t\t\t\t\t\t\t<img fetchpriority=\"high\" decoding=\"async\" src=\"\/\/lathuileapartments.com\/wp-content\/plugins\/revslider\/sr6\/assets\/assets\/dummy.png\" alt=\"appartamento a la thuile\" title=\"appartamento a la thuile 9\" width=\"1920\" height=\"1280\" class=\"rev-slidebg tp-rs-img rs-lazyload\" data-lazyload=\"\/\/lathuileapartments.com\/wp-content\/uploads\/2024\/07\/appartamento-a-la-thuile-9.jpg\" data-parallax=\"off\" data-panzoom=\"d:10000;ss:100%;se:111%;\" data-no-retina>\n<!---->\t\t\t\t\t<\/rs-slide>\n\t\t\t\t\t\t<rs-slide style=\"position: absolute;\" data-key=\"rs-158\" data-title=\"la thuile apartments\" data-thumb=\"\/\/lathuileapartments.com\/wp-content\/uploads\/2024\/07\/la-thuile-100x50.jpg\" data-duration=\"6000\" data-anim=\"e:slidingoverlay;ms:2000;\" data-in=\"o:1;x:(100%);\">\n\t\t\t\t\t\t\t<img decoding=\"async\" src=\"\/\/lathuileapartments.com\/wp-content\/plugins\/revslider\/sr6\/assets\/assets\/dummy.png\" alt=\"la-thuile\" title=\"la-thuile\" width=\"1920\" height=\"1280\" class=\"rev-slidebg tp-rs-img rs-lazyload\" data-lazyload=\"\/\/lathuileapartments.com\/wp-content\/uploads\/2024\/07\/la-thuile.jpg\" data-parallax=\"off\" data-panzoom=\"d:10000;ss:100%;se:111%;\" data-no-retina>\n<!---->\t\t\t\t\t<\/rs-slide>\n\t\t\t\t\t\t<rs-slide style=\"position: absolute;\" data-key=\"rs-156\" data-title=\"La Thuile appartamenti\" data-thumb=\"\/\/lathuileapartments.com\/wp-content\/uploads\/2024\/06\/la-thuile-apartments-100x50.jpg\" data-duration=\"6000\" data-anim=\"e:slidingoverlay;ms:2000;\" data-in=\"o:1;x:(100%);\">\n\t\t\t\t\t\t\t<img decoding=\"async\" src=\"\/\/lathuileapartments.com\/wp-content\/plugins\/revslider\/sr6\/assets\/assets\/dummy.png\" alt=\"appartamento a la thuile\" title=\"la-thuile-apartments\" width=\"1920\" height=\"1280\" class=\"rev-slidebg tp-rs-img rs-lazyload\" data-lazyload=\"\/\/lathuileapartments.com\/wp-content\/uploads\/2024\/06\/la-thuile-apartments.jpg\" data-parallax=\"off\" data-panzoom=\"d:10000;ss:110;se:100;\" data-no-retina>\n<!---->\t\t\t\t\t<\/rs-slide>\n\t\t\t\t\t<\/rs-slides>\n\t\t\t\t\t<rs-static-layers class=\"rs-stl-visible\"><!--\n\n\t\t\t\t\t\t\t--><rs-layer\n\t\t\t\t\t\t\t\tid=\"slider-40-slide-36-layer-2\" \n\t\t\t\t\t\t\t\tclass=\"rs-layer-static\"\n\t\t\t\t\t\t\t\tdata-type=\"text\"\n\t\t\t\t\t\t\t\tdata-color=\"#d65a1a\"\n\t\t\t\t\t\t\t\tdata-rsp_ch=\"on\"\n\t\t\t\t\t\t\t\tdata-xy=\"x:l,l,l,c;xo:11px,38px,14px,-9px;y:m;yo:143px,37px,74px,120px;\"\n\t\t\t\t\t\t\t\tdata-text=\"s:99,99,99,44;l:125;ls:0px,0px,0px,-3px;a:inherit;\"\n\t\t\t\t\t\t\t\tdata-onslides=\"s:1;\"\n\t\t\t\t\t\t\t\tdata-frame_0=\"o:1;c:#ffe11b;\"\n\t\t\t\t\t\t\t\tdata-frame_0_chars=\"d:10;x:50px;o:0;\"\n\t\t\t\t\t\t\t\tdata-frame_1=\"st:1250;sp:600;sR:1250;\"\n\t\t\t\t\t\t\t\tdata-frame_1_chars=\"d:10;\"\n\t\t\t\t\t\t\t\tdata-frame_999=\"st:5720;sR:3070;auto:true;\"\n\t\t\t\t\t\t\t\tstyle=\"z-index:6;font-family:'Roboto Serif';\"\n\t\t\t\t\t\t\t>Contacts \n\t\t\t\t\t\t\t<\/rs-layer><!--\n\n\t\t\t\t\t\t\t--><rs-layer\n\t\t\t\t\t\t\t\tid=\"slider-40-slide-36-layer-4\" \n\t\t\t\t\t\t\t\tclass=\"rs-layer-static\"\n\t\t\t\t\t\t\t\tdata-type=\"text\"\n\t\t\t\t\t\t\t\tdata-rsp_ch=\"on\"\n\t\t\t\t\t\t\t\tdata-xy=\"x:l,l,l,c;xo:21px,41px,18px,-184px;y:m;yo:12px,-61px,-22px,6px;\"\n\t\t\t\t\t\t\t\tdata-text=\"s:77,77,77,55;l:125;ls:0px,0px,0px,-3px;a:inherit;\"\n\t\t\t\t\t\t\t\tdata-onslides=\"s:1;\"\n\t\t\t\t\t\t\t\tdata-frame_0=\"o:1;c:#ffe11b;\"\n\t\t\t\t\t\t\t\tdata-frame_0_chars=\"d:10;x:50px;o:0;\"\n\t\t\t\t\t\t\t\tdata-frame_1=\"sp:600;sR:10;\"\n\t\t\t\t\t\t\t\tdata-frame_1_chars=\"d:10;\"\n\t\t\t\t\t\t\t\tdata-frame_999=\"st:5740;sR:4130;auto:true;\"\n\t\t\t\t\t\t\t\tstyle=\"z-index:7;font-family:'Shadows Into Light';\"\n\t\t\t\t\t\t\t>Nos \n\t\t\t\t\t\t\t<\/rs-layer><!--\n\t\t\t\t\t--><\/rs-static-layers>\n\t\t\t\t<\/rs-module>\n\t\t\t\t<script>\n\t\t\t\t\tsetREVStartSize({c: 'rev_slider_40_1',rl:[1240,1024,778,480],el:[868,768,960,720],gw:[1200,1024,778,480],gh:[868,768,960,720],type:'standard',justify:'',layout:'fullscreen',offsetContainer:'',offset:'',mh:\"0\"});if (window.RS_MODULES!==undefined && window.RS_MODULES.modules!==undefined && window.RS_MODULES.modules[\"revslider401\"]!==undefined) {window.RS_MODULES.modules[\"revslider401\"].once = false;window.revapi40 = undefined;if (window.RS_MODULES.checkMinimal!==undefined) window.RS_MODULES.checkMinimal()}\n\t\t\t\t<\/script>\n\t\t\t<\/rs-module-wrap>\n\t\t\t<!-- END REVOLUTION SLIDER -->\n<\/div>\n\n\t\t\t\t\t\t<\/div>\n\t\t\t\t<\/div>\n\t\t\t\t\t<\/div>\n\t\t<\/div>\n\t\t\t\t\t<\/div>\n\t\t<\/section>\n\t\t\t\t<section class=\"elementor-section elementor-top-section elementor-element elementor-element-0683508 elementor-section-content-middle elementor-section-stretched elementor-section-boxed elementor-section-height-default elementor-section-height-default elementor-invisible\" data-id=\"0683508\" data-element_type=\"section\" data-e-type=\"section\" data-settings=\"{&quot;stretch_section&quot;:&quot;section-stretched&quot;,&quot;background_background&quot;:&quot;classic&quot;,&quot;animation&quot;:&quot;fadeIn&quot;,&quot;animation_delay&quot;:0}\">\n\t\t\t\t\t\t\t<div class=\"elementor-background-overlay\"><\/div>\n\t\t\t\t\t\t\t<div class=\"elementor-container elementor-column-gap-default\">\n\t\t\t\t\t<div class=\"elementor-column elementor-col-100 elementor-top-column elementor-element elementor-element-28f7613\" data-id=\"28f7613\" data-element_type=\"column\" data-e-type=\"column\">\n\t\t\t<div class=\"elementor-widget-wrap elementor-element-populated\">\n\t\t\t\t\t\t<section class=\"elementor-section elementor-inner-section elementor-element elementor-element-e36fb79 elementor-section-content-middle elementor-section-boxed elementor-section-height-default elementor-section-height-default\" data-id=\"e36fb79\" data-element_type=\"section\" data-e-type=\"section\">\n\t\t\t\t\t\t<div class=\"elementor-container elementor-column-gap-default\">\n\t\t\t\t\t<div class=\"elementor-column elementor-col-100 elementor-inner-column elementor-element elementor-element-cef9aa0\" data-id=\"cef9aa0\" data-element_type=\"column\" data-e-type=\"column\">\n\t\t\t<div class=\"elementor-widget-wrap elementor-element-populated\">\n\t\t\t\t\t\t<div class=\"elementor-element elementor-element-0517b25 elementor-invisible elementor-widget elementor-widget-heading\" data-id=\"0517b25\" data-element_type=\"widget\" data-e-type=\"widget\" data-settings=\"{&quot;_animation&quot;:&quot;fadeInUp&quot;}\" data-widget_type=\"heading.default\">\n\t\t\t\t<div class=\"elementor-widget-container\">\n\t\t\t\t\t<p class=\"elementor-heading-title elementor-size-default\">Nous sommes ici pour rendre votre s\u00e9jour \u00e0 La Thuile parfait !<\/p>\t\t\t\t<\/div>\n\t\t\t\t<\/div>\n\t\t\t\t<div class=\"elementor-element elementor-element-9f3ee88 elementor-invisible elementor-widget elementor-widget-heading\" data-id=\"9f3ee88\" data-element_type=\"widget\" data-e-type=\"widget\" data-settings=\"{&quot;_animation&quot;:&quot;fadeInUp&quot;}\" data-widget_type=\"heading.default\">\n\t\t\t\t<div class=\"elementor-widget-container\">\n\t\t\t\t\t<h5 class=\"elementor-heading-title elementor-size-default\">Contactez-nous<\/h5>\t\t\t\t<\/div>\n\t\t\t\t<\/div>\n\t\t\t\t<div class=\"elementor-element elementor-element-e92e09f elementor-invisible elementor-widget elementor-widget-heading\" data-id=\"e92e09f\" data-element_type=\"widget\" data-e-type=\"widget\" data-settings=\"{&quot;_animation&quot;:&quot;fadeInUp&quot;}\" data-widget_type=\"heading.default\">\n\t\t\t\t<div class=\"elementor-widget-container\">\n\t\t\t\t\t<p class=\"elementor-heading-title elementor-size-default\">En r\u00e9servant avec nous, vous pourrez vivre la montagne authentique : des aventures passionnantes, des paysages \u00e0 couper le souffle et la chaleur des maisons de montagne typiques.<br><br><b>N'attendez pas : vos vacances de r\u00eave vous attendent !<\/b><\/p>\t\t\t\t<\/div>\n\t\t\t\t<\/div>\n\t\t\t\t\t<\/div>\n\t\t<\/div>\n\t\t\t\t\t<\/div>\n\t\t<\/section>\n\t\t\t\t<section class=\"elementor-section elementor-inner-section elementor-element elementor-element-fe77f0e elementor-section-full_width elementor-section-height-default elementor-section-height-default\" data-id=\"fe77f0e\" data-element_type=\"section\" data-e-type=\"section\">\n\t\t\t\t\t\t<div class=\"elementor-container elementor-column-gap-default\">\n\t\t\t\t\t<div class=\"elementor-column elementor-col-100 elementor-inner-column elementor-element elementor-element-46121a4 animated-slow elementor-invisible\" data-id=\"46121a4\" data-element_type=\"column\" data-e-type=\"column\" data-settings=\"{&quot;animation&quot;:&quot;fadeInUp&quot;}\">\n\t\t\t<div class=\"elementor-widget-wrap elementor-element-populated\">\n\t\t\t\t\t\t<div class=\"elementor-element elementor-element-3f55970 bwdib-grid-6 elementor-widget elementor-widget-bwbib-icon-box\" data-id=\"3f55970\" data-element_type=\"widget\" data-e-type=\"widget\" data-widget_type=\"bwbib-icon-box.default\">\n\t\t\t\t<div class=\"elementor-widget-container\">\n\t\t\t\t\t\t\t\t<div class=\"bwd-icon-box-26\">\r\n\t\t\t\t<div class=\"container-fluid\">\r\n\t\t\t\t\t<div class=\"row bwdib_gapr bwdib-style-wrapper\">\r\n\t\t\t\t\t\t\r\n\t\t\t\t\t\t\t<div class=\"column_number bwdib_gapc col-xl-4 col-lg-4 col-md-4 col-sm-6\">\r\n\t\t\t\t\t\t\t<div class=\"elementor-repeater-item-c516d69\">\t\t\t\t\t\t\t\t<a href=\"tel:00393487553585\" class=\"bwd-icon-box-wrapper\">\r\n\t\t\t\t\t\t\t\t\t<div class=\"bwd-box-part bwd-all-shapea bwd-icon-box-wrapper-bgb\">\r\n\t\t\t\t\t\t\t\t\t\t<div class=\"bwd-service-icon\">\r\n\t\t\t\t\t\t\t\t\t\t\t<span class=\"bwd-iconstyle\">\r\n\t\t\t\t\t\t\t\t\t\t\t\t<svg aria-hidden=\"true\" class=\"e-font-icon-svg e-fas-phone-alt\" viewBox=\"0 0 512 512\" xmlns=\"http:\/\/www.w3.org\/2000\/svg\"><path d=\"M497.39 361.8l-112-48a24 24 0 0 0-28 6.9l-49.6 60.6A370.66 370.66 0 0 1 130.6 204.11l60.6-49.6a23.94 23.94 0 0 0 6.9-28l-48-112A24.16 24.16 0 0 0 122.6.61l-104 24A24 24 0 0 0 0 48c0 256.5 207.9 464 464 464a24 24 0 0 0 23.4-18.6l24-104a24.29 24.29 0 0 0-14.01-27.6z\"><\/path><\/svg>\t\t\t\t\t\t\t\t\t\t\t<\/span>\r\n\t\t\t\t\t\t\t\t\t\t<\/div>\r\n\t\t\t\t\t\t\t\t\t\t<div class=\"bwdib-icon-content-align\">\r\n\t\t\t\t\t\t\t\t\t\t\t<div class=\"bwd-icon-title\">Appelez-nous<\/div>\r\n\t\t\t\t\t\t\t\t\t\t\t<div class=\"bwd-icon-description\">Appelez-nous directement au num\u00e9ro\u00a0: +39\u00a0348\u00a07553585<\/div>\r\n\t\t\t\t\t\t\t\t\t\t<\/div>\r\n\t\t\t\t\t\t\t\t\t<\/div>\r\n\t\t\t\t\t\t\t\t<\/a>\r\n\t\t\t\t\t\t\t<\/div>\r\n\t\t\t\t\t\t<\/div>\r\n\t\t\t\t\t\t\t\r\n\t\t\t\t\t\t\t<div class=\"column_number bwdib_gapc col-xl-4 col-lg-4 col-md-4 col-sm-6\">\r\n\t\t\t\t\t\t\t<div class=\"elementor-repeater-item-11bff01\">\t\t\t\t\t\t\t\t<a href=\"mailto:info@lathuileapartments.com\" class=\"bwd-icon-box-wrapper\">\r\n\t\t\t\t\t\t\t\t\t<div class=\"bwd-box-part bwd-all-shapea bwd-icon-box-wrapper-bgb\">\r\n\t\t\t\t\t\t\t\t\t\t<div class=\"bwd-service-icon\">\r\n\t\t\t\t\t\t\t\t\t\t\t<span class=\"bwd-iconstyle\">\r\n\t\t\t\t\t\t\t\t\t\t\t\t<svg aria-hidden=\"true\" class=\"e-font-icon-svg e-far-envelope\" viewBox=\"0 0 512 512\" xmlns=\"http:\/\/www.w3.org\/2000\/svg\"><path d=\"M464 64H48C21.49 64 0 85.49 0 112v288c0 26.51 21.49 48 48 48h416c26.51 0 48-21.49 48-48V112c0-26.51-21.49-48-48-48zm0 48v40.805c-22.422 18.259-58.168 46.651-134.587 106.49-16.841 13.247-50.201 45.072-73.413 44.701-23.208.375-56.579-31.459-73.413-44.701C106.18 199.465 70.425 171.067 48 152.805V112h416zM48 400V214.398c22.914 18.251 55.409 43.862 104.938 82.646 21.857 17.205 60.134 55.186 103.062 54.955 42.717.231 80.509-37.199 103.053-54.947 49.528-38.783 82.032-64.401 104.947-82.653V400H48z\"><\/path><\/svg>\t\t\t\t\t\t\t\t\t\t\t<\/span>\r\n\t\t\t\t\t\t\t\t\t\t<\/div>\r\n\t\t\t\t\t\t\t\t\t\t<div class=\"bwdib-icon-content-align\">\r\n\t\t\t\t\t\t\t\t\t\t\t<div class=\"bwd-icon-title\">\u00c9crivez-nous<\/div>\r\n\t\t\t\t\t\t\t\t\t\t\t<div class=\"bwd-icon-description\">\u00c9crivez-nous \u00e0 l\u2019adresse suivante\u00a0: info@lathuileapartments.com<\/div>\r\n\t\t\t\t\t\t\t\t\t\t<\/div>\r\n\t\t\t\t\t\t\t\t\t<\/div>\r\n\t\t\t\t\t\t\t\t<\/a>\r\n\t\t\t\t\t\t\t<\/div>\r\n\t\t\t\t\t\t<\/div>\r\n\t\t\t\t\t\t\t\t\t\t\t<\/div>\r\n\t\t\t\t<\/div>\r\n\t\t\t<\/div>\r\n\t\t\t\t\t\t\t<\/div>\n\t\t\t\t<\/div>\n\t\t\t\t\t<\/div>\n\t\t<\/div>\n\t\t\t\t\t<\/div>\n\t\t<\/section>\n\t\t\t\t\t<\/div>\n\t\t<\/div>\n\t\t\t\t\t<\/div>\n\t\t<\/section>\n\t\t\t\t<section class=\"elementor-section elementor-top-section elementor-element elementor-element-7515a732 elementor-section-stretched elementor-section-full_width elementor-section-height-default elementor-section-height-default elementor-invisible\" data-id=\"7515a732\" data-element_type=\"section\" data-e-type=\"section\" data-settings=\"{&quot;stretch_section&quot;:&quot;section-stretched&quot;,&quot;animation&quot;:&quot;fadeIn&quot;,&quot;animation_delay&quot;:0}\">\n\t\t\t\t\t\t<div class=\"elementor-container elementor-column-gap-default\">\n\t\t\t\t\t<div class=\"elementor-column elementor-col-50 elementor-top-column elementor-element elementor-element-48d0c95 elementor-hidden-tablet\" data-id=\"48d0c95\" data-element_type=\"column\" data-e-type=\"column\" data-settings=\"{&quot;background_background&quot;:&quot;classic&quot;}\">\n\t\t\t<div class=\"elementor-widget-wrap\">\n\t\t\t\t\t\t\t<\/div>\n\t\t<\/div>\n\t\t\t\t<div class=\"elementor-column elementor-col-50 elementor-top-column elementor-element elementor-element-2293d129\" data-id=\"2293d129\" data-element_type=\"column\" data-e-type=\"column\">\n\t\t\t<div class=\"elementor-widget-wrap elementor-element-populated\">\n\t\t\t\t\t\t<div class=\"elementor-element elementor-element-162fce53 elementor-widget elementor-widget-google_maps\" data-id=\"162fce53\" data-element_type=\"widget\" data-e-type=\"widget\" data-widget_type=\"google_maps.default\">\n\t\t\t\t<div class=\"elementor-widget-container\">\n\t\t\t\t\t\t\t<div class=\"elementor-custom-embed\">\n\t\t\t<iframe loading=\"lazy\"\n\t\t\t\t\tsrc=\"https:\/\/maps.google.com\/maps?q=La%20thuile&#038;t=m&#038;z=11&#038;output=embed&#038;iwloc=near\"\n\t\t\t\t\ttitle=\"La thuile\"\n\t\t\t\t\taria-label=\"La thuile\"\n\t\t\t><\/iframe>\n\t\t<\/div>\n\t\t\t\t\t\t<\/div>\n\t\t\t\t<\/div>\n\t\t\t\t\t<\/div>\n\t\t<\/div>\n\t\t\t\t\t<\/div>\n\t\t<\/section>\n\t\t\t\t<section class=\"elementor-section elementor-top-section elementor-element elementor-element-7715a7e3 elementor-section-full_width elementor-hidden-tablet elementor-section-height-default elementor-section-height-default elementor-invisible\" data-id=\"7715a7e3\" data-element_type=\"section\" data-e-type=\"section\" data-settings=\"{&quot;animation&quot;:&quot;fadeInUp&quot;,&quot;animation_delay&quot;:100}\">\n\t\t\t\t\t\t<div class=\"elementor-container elementor-column-gap-default\">\n\t\t\t\t\t<div class=\"elementor-column elementor-col-33 elementor-top-column elementor-element elementor-element-4fc5b2d\" data-id=\"4fc5b2d\" data-element_type=\"column\" data-e-type=\"column\">\n\t\t\t<div class=\"elementor-widget-wrap\">\n\t\t\t\t\t\t\t<\/div>\n\t\t<\/div>\n\t\t\t\t<div class=\"elementor-column elementor-col-33 elementor-top-column elementor-element elementor-element-374c7d0\" data-id=\"374c7d0\" data-element_type=\"column\" data-e-type=\"column\" data-settings=\"{&quot;background_background&quot;:&quot;classic&quot;}\">\n\t\t\t<div class=\"elementor-widget-wrap elementor-element-populated\">\n\t\t\t\t\t\t<div class=\"elementor-element elementor-element-16b0ef3 elementor-widget elementor-widget-heading\" data-id=\"16b0ef3\" data-element_type=\"widget\" data-e-type=\"widget\" data-widget_type=\"heading.default\">\n\t\t\t\t<div class=\"elementor-widget-container\">\n\t\t\t\t\t<h5 class=\"elementor-heading-title elementor-size-default\">La Thuile Apartments<\/h5>\t\t\t\t<\/div>\n\t\t\t\t<\/div>\n\t\t\t\t<div class=\"elementor-element elementor-element-373566c elementor-widget elementor-widget-heading\" data-id=\"373566c\" data-element_type=\"widget\" data-e-type=\"widget\" data-widget_type=\"heading.default\">\n\t\t\t\t<div class=\"elementor-widget-container\">\n\t\t\t\t\t<p class=\"elementor-heading-title elementor-size-default\">11016 La Thuile, Italie<\/p>\t\t\t\t<\/div>\n\t\t\t\t<\/div>\n\t\t\t\t<div class=\"elementor-element elementor-element-a45059a elementor-widget elementor-widget-heading\" data-id=\"a45059a\" data-element_type=\"widget\" data-e-type=\"widget\" data-widget_type=\"heading.default\">\n\t\t\t\t<div class=\"elementor-widget-container\">\n\t\t\t\t\t<p class=\"elementor-heading-title elementor-size-default\">info@lathuileapartments.com<\/p>\t\t\t\t<\/div>\n\t\t\t\t<\/div>\n\t\t\t\t\t<\/div>\n\t\t<\/div>\n\t\t\t\t<div class=\"elementor-column elementor-col-33 elementor-top-column elementor-element elementor-element-1427c0d8\" data-id=\"1427c0d8\" data-element_type=\"column\" data-e-type=\"column\">\n\t\t\t<div class=\"elementor-widget-wrap\">\n\t\t\t\t\t\t\t<\/div>\n\t\t<\/div>\n\t\t\t\t\t<\/div>\n\t\t<\/section>\n\t\t\t\t<\/div>\n\t\t","protected":false},"excerpt":{"rendered":"<p>Nous sommes ici pour rendre votre s\u00e9jour \u00e0 La Thuile parfait ! Contactez-nous En r\u00e9servant avec nous, vous pourrez vivre la montagne authentique : des aventures passionnantes, des paysages \u00e0 couper le souffle et la chaleur des maisons de montagne typiques. N&#8217;attendez pas : vos vacances de r\u00eave vous attendent ! Appelez-nous Appelez-nous directement au [&hellip;]<\/p>\n","protected":false},"author":1,"featured_media":0,"parent":0,"menu_order":0,"comment_status":"closed","ping_status":"closed","template":"","meta":{"footnotes":""},"class_list":["post-8168","page","type-page","status-publish","hentry"],"yoast_head":"<!-- This site is optimized with the Yoast SEO plugin v27.3 - https:\/\/yoast.com\/product\/yoast-seo-wordpress\/ -->\n<title>Contacts - Appartamenti in affitto a La Thuile<\/title>\n<meta name=\"robots\" content=\"index, follow, max-snippet:-1, max-image-preview:large, max-video-preview:-1\" \/>\n<link rel=\"canonical\" href=\"https:\/\/lathuileapartments.com\/contatti\/\" \/>\n<meta property=\"og:locale\" content=\"fr_FR\" \/>\n<meta property=\"og:type\" content=\"article\" \/>\n<meta property=\"og:title\" content=\"Contacts - Appartamenti in affitto a La Thuile\" \/>\n<meta property=\"og:description\" content=\"Nous sommes ici pour rendre votre s\u00e9jour \u00e0 La Thuile parfait ! Contactez-nous En r\u00e9servant avec nous, vous pourrez vivre la montagne authentique : des aventures passionnantes, des paysages \u00e0 couper le souffle et la chaleur des maisons de montagne typiques. N&#8217;attendez pas : vos vacances de r\u00eave vous attendent ! Appelez-nous Appelez-nous directement au [&hellip;]\" \/>\n<meta property=\"og:url\" content=\"https:\/\/lathuileapartments.com\/contatti\/\" \/>\n<meta property=\"og:site_name\" content=\"Appartamenti in affitto a La Thuile\" \/>\n<meta property=\"article:modified_time\" content=\"2024-08-27T07:29:06+00:00\" \/>\n<meta name=\"twitter:card\" content=\"summary_large_image\" \/>\n<meta name=\"twitter:label1\" content=\"Dur\u00e9e de lecture estim\u00e9e\" \/>\n\t<meta name=\"twitter:data1\" content=\"1 minute\" \/>\n<script type=\"application\/ld+json\" class=\"yoast-schema-graph\">{\"@context\":\"https:\\\/\\\/schema.org\",\"@graph\":[{\"@type\":\"WebPage\",\"@id\":\"https:\\\/\\\/lathuileapartments.com\\\/contatti\\\/\",\"url\":\"https:\\\/\\\/lathuileapartments.com\\\/contatti\\\/\",\"name\":\"Contacts - Appartamenti in affitto a La Thuile\",\"isPartOf\":{\"@id\":\"https:\\\/\\\/lathuileapartments.com\\\/#website\"},\"datePublished\":\"2021-03-30T08:06:02+00:00\",\"dateModified\":\"2024-08-27T07:29:06+00:00\",\"breadcrumb\":{\"@id\":\"https:\\\/\\\/lathuileapartments.com\\\/contatti\\\/#breadcrumb\"},\"inLanguage\":\"fr-FR\",\"potentialAction\":[{\"@type\":\"ReadAction\",\"target\":[\"https:\\\/\\\/lathuileapartments.com\\\/contatti\\\/\"]}]},{\"@type\":\"BreadcrumbList\",\"@id\":\"https:\\\/\\\/lathuileapartments.com\\\/contatti\\\/#breadcrumb\",\"itemListElement\":[{\"@type\":\"ListItem\",\"position\":1,\"name\":\"Accueil\",\"item\":\"https:\\\/\\\/lathuileapartments.com\\\/\"},{\"@type\":\"ListItem\",\"position\":2,\"name\":\"Contacts\"}]},{\"@type\":\"WebSite\",\"@id\":\"https:\\\/\\\/lathuileapartments.com\\\/#website\",\"url\":\"https:\\\/\\\/lathuileapartments.com\\\/\",\"name\":\"Appartamenti in affitto a La Thuile\",\"description\":\"La Thuile apartments\",\"potentialAction\":[{\"@type\":\"SearchAction\",\"target\":{\"@type\":\"EntryPoint\",\"urlTemplate\":\"https:\\\/\\\/lathuileapartments.com\\\/?s={search_term_string}\"},\"query-input\":{\"@type\":\"PropertyValueSpecification\",\"valueRequired\":true,\"valueName\":\"search_term_string\"}}],\"inLanguage\":\"fr-FR\"}]}<\/script>\n<!-- \/ Yoast SEO plugin. -->","yoast_head_json":{"title":"Contacts - Appartamenti in affitto a La Thuile","robots":{"index":"index","follow":"follow","max-snippet":"max-snippet:-1","max-image-preview":"max-image-preview:large","max-video-preview":"max-video-preview:-1"},"canonical":"https:\/\/lathuileapartments.com\/contatti\/","og_locale":"fr_FR","og_type":"article","og_title":"Contacts - Appartamenti in affitto a La Thuile","og_description":"Nous sommes ici pour rendre votre s\u00e9jour \u00e0 La Thuile parfait ! Contactez-nous En r\u00e9servant avec nous, vous pourrez vivre la montagne authentique : des aventures passionnantes, des paysages \u00e0 couper le souffle et la chaleur des maisons de montagne typiques. N&#8217;attendez pas : vos vacances de r\u00eave vous attendent ! Appelez-nous Appelez-nous directement au [&hellip;]","og_url":"https:\/\/lathuileapartments.com\/contatti\/","og_site_name":"Appartamenti in affitto a La Thuile","article_modified_time":"2024-08-27T07:29:06+00:00","twitter_card":"summary_large_image","twitter_misc":{"Dur\u00e9e de lecture estim\u00e9e":"1 minute"},"schema":{"@context":"https:\/\/schema.org","@graph":[{"@type":"WebPage","@id":"https:\/\/lathuileapartments.com\/contatti\/","url":"https:\/\/lathuileapartments.com\/contatti\/","name":"Contacts - Appartamenti in affitto a La Thuile","isPartOf":{"@id":"https:\/\/lathuileapartments.com\/#website"},"datePublished":"2021-03-30T08:06:02+00:00","dateModified":"2024-08-27T07:29:06+00:00","breadcrumb":{"@id":"https:\/\/lathuileapartments.com\/contatti\/#breadcrumb"},"inLanguage":"fr-FR","potentialAction":[{"@type":"ReadAction","target":["https:\/\/lathuileapartments.com\/contatti\/"]}]},{"@type":"BreadcrumbList","@id":"https:\/\/lathuileapartments.com\/contatti\/#breadcrumb","itemListElement":[{"@type":"ListItem","position":1,"name":"Accueil","item":"https:\/\/lathuileapartments.com\/"},{"@type":"ListItem","position":2,"name":"Contacts"}]},{"@type":"WebSite","@id":"https:\/\/lathuileapartments.com\/#website","url":"https:\/\/lathuileapartments.com\/","name":"Appartamenti in affitto a La Thuile","description":"La Thuile apartments","potentialAction":[{"@type":"SearchAction","target":{"@type":"EntryPoint","urlTemplate":"https:\/\/lathuileapartments.com\/?s={search_term_string}"},"query-input":{"@type":"PropertyValueSpecification","valueRequired":true,"valueName":"search_term_string"}}],"inLanguage":"fr-FR"}]}},"_links":{"self":[{"href":"https:\/\/lathuileapartments.com\/fr\/wp-json\/wp\/v2\/pages\/8168","targetHints":{"allow":["GET"]}}],"collection":[{"href":"https:\/\/lathuileapartments.com\/fr\/wp-json\/wp\/v2\/pages"}],"about":[{"href":"https:\/\/lathuileapartments.com\/fr\/wp-json\/wp\/v2\/types\/page"}],"author":[{"embeddable":true,"href":"https:\/\/lathuileapartments.com\/fr\/wp-json\/wp\/v2\/users\/1"}],"replies":[{"embeddable":true,"href":"https:\/\/lathuileapartments.com\/fr\/wp-json\/wp\/v2\/comments?post=8168"}],"version-history":[{"count":21,"href":"https:\/\/lathuileapartments.com\/fr\/wp-json\/wp\/v2\/pages\/8168\/revisions"}],"predecessor-version":[{"id":10629,"href":"https:\/\/lathuileapartments.com\/fr\/wp-json\/wp\/v2\/pages\/8168\/revisions\/10629"}],"wp:attachment":[{"href":"https:\/\/lathuileapartments.com\/fr\/wp-json\/wp\/v2\/media?parent=8168"}],"curies":[{"name":"wp","href":"https:\/\/api.w.org\/{rel}","templated":true}]}}