{"id":10414,"date":"2024-07-02T10:14:52","date_gmt":"2024-07-02T08:14:52","guid":{"rendered":"https:\/\/lathuileapartments.com\/appartements-trois-pieces\/"},"modified":"2024-07-29T14:51:57","modified_gmt":"2024-07-29T12:51:57","slug":"appartements-trois-pieces","status":"publish","type":"page","link":"https:\/\/lathuileapartments.com\/fr\/appartements-trois-pieces\/","title":{"rendered":"Appartements trois pi\u00e8ces"},"content":{"rendered":"\t\t<div data-elementor-type=\"wp-page\" data-elementor-id=\"10414\" class=\"elementor elementor-10414 elementor-9583\">\n\t\t\t\t\t\t<section class=\"elementor-section elementor-top-section elementor-element elementor-element-6b6fa794 elementor-section-stretched elementor-section-content-middle elementor-section-boxed elementor-section-height-default elementor-section-height-default\" data-id=\"6b6fa794\" data-element_type=\"section\" data-e-type=\"section\" data-settings=\"{&quot;stretch_section&quot;:&quot;section-stretched&quot;,&quot;background_background&quot;:&quot;classic&quot;}\">\n\t\t\t\t\t\t\t<div class=\"elementor-background-overlay\"><\/div>\n\t\t\t\t\t\t\t<div class=\"elementor-container elementor-column-gap-default\">\n\t\t\t\t\t<div class=\"elementor-column elementor-col-100 elementor-top-column elementor-element elementor-element-b700b17\" data-id=\"b700b17\" data-element_type=\"column\" data-e-type=\"column\" data-settings=\"{&quot;background_background&quot;:&quot;classic&quot;}\">\n\t\t\t<div class=\"elementor-widget-wrap elementor-element-populated\">\n\t\t\t\t\t\t<div class=\"elementor-element elementor-element-ef536df elementor-widget elementor-widget-heading\" data-id=\"ef536df\" data-element_type=\"widget\" data-e-type=\"widget\" data-widget_type=\"heading.default\">\n\t\t\t\t<div class=\"elementor-widget-container\">\n\t\t\t\t\t<h5 class=\"elementor-heading-title elementor-size-default\">Nos<\/h5>\t\t\t\t<\/div>\n\t\t\t\t<\/div>\n\t\t\t\t<div class=\"elementor-element elementor-element-582dd51 elementor-widget elementor-widget-heading\" data-id=\"582dd51\" data-element_type=\"widget\" data-e-type=\"widget\" data-widget_type=\"heading.default\">\n\t\t\t\t<div class=\"elementor-widget-container\">\n\t\t\t\t\t<h5 class=\"elementor-heading-title elementor-size-default\">Appartements trois pi\u00e8ces<\/h5>\t\t\t\t<\/div>\n\t\t\t\t<\/div>\n\t\t\t\t<div class=\"elementor-element elementor-element-94a74f5 elementor-widget elementor-widget-heading\" data-id=\"94a74f5\" data-element_type=\"widget\" data-e-type=\"widget\" data-widget_type=\"heading.default\">\n\t\t\t\t<div class=\"elementor-widget-container\">\n\t\t\t\t\t<p class=\"elementor-heading-title elementor-size-default\">Nos appartements trois pi\u00e8ces, spacieux et fonctionnels, sont id\u00e9aux pour les familles ou les groupes d'amis qui souhaitent passer des vacances plac\u00e9es sous le signe de la convivialit\u00e9 et du confort, dans une authentique atmosph\u00e8re alpine. <\/p>\t\t\t\t<\/div>\n\t\t\t\t<\/div>\n\t\t\t\t\t<\/div>\n\t\t<\/div>\n\t\t\t\t\t<\/div>\n\t\t<\/section>\n\t\t\t\t<section class=\"elementor-section elementor-top-section elementor-element elementor-element-2491b48 elementor-section-boxed elementor-section-height-default elementor-section-height-default\" data-id=\"2491b48\" data-element_type=\"section\" data-e-type=\"section\">\n\t\t\t\t\t\t<div class=\"elementor-container elementor-column-gap-default\">\n\t\t\t\t\t<div class=\"elementor-column elementor-col-100 elementor-top-column elementor-element elementor-element-7599422\" data-id=\"7599422\" data-element_type=\"column\" data-e-type=\"column\">\n\t\t\t<div class=\"elementor-widget-wrap elementor-element-populated\">\n\t\t\t\t\t\t<div class=\"elementor-element elementor-element-6c405e1 elementor-widget elementor-widget-slider_revolution\" data-id=\"6c405e1\" data-element_type=\"widget\" data-e-type=\"widget\" data-widget_type=\"slider_revolution.default\">\n\t\t\t\t<div class=\"elementor-widget-container\">\n\t\t\t\t\t\n\t\t<div class=\"wp-block-themepunch-revslider\">\n\t\t\t\t<p class=\"rs-p-wp-fix\"><\/p>\n\t\t\t\t<sr7-module data-alias=\"trilocali-la-thuile-eng-1\" data-id=\"38\" id=\"SR7_38_1\" class=\"rs-ov-hidden\" data-version=\"6.7.54\">\n\t\t\t\t\t<sr7-adjuster><\/sr7-adjuster>\n\t\t\t\t\t<sr7-content>\n\t\t\t\t\t\t<sr7-carousel>\n\t\t\t\t\t\t<sr7-slide id=\"SR7_38_1-181\" data-key=\"181\">\n\t\t\t\t\t\t\t<sr7-bg id=\"SR7_38_1-181-7\" class=\"sr7-layer\"><noscript><img decoding=\"async\" src=\"https:\/\/lathuileapartments.com\/wp-content\/uploads\/2024\/07\/appartamento-a-la-thuile-1-1.jpg\" alt=\"appartamento a la thuile\" title=\"appartamento a la thuile 1\"><\/noscript><\/sr7-bg>\n\t\t\t\t\t\t\t<sr7-txt id=\"SR7_38_1-181-1\" class=\"sr7-layer\">Appartement trois pi\u00e8ces 1<\/sr7-txt>\n\t\t\t\t\t\t\t<a id=\"SR7_38_1-181-6\" class=\"sr7-layer\" href=\"\/fr\/appartements-trois-pieces\/appartement-trois-pieces-1\/\" target=\"_self\">En savoir plus <i class=\"fa-chevron-right\"><\/i><\/a>\n\t\t\t\t\t\t<\/sr7-slide>\n\t\t\t\t\t\t<sr7-slide id=\"SR7_38_1-182\" data-key=\"182\">\n\t\t\t\t\t\t\t<sr7-bg id=\"SR7_38_1-182-7\" class=\"sr7-layer\"><noscript><img decoding=\"async\" src=\"https:\/\/lathuileapartments.com\/wp-content\/uploads\/2024\/07\/appartamento-a-la-thuile-2-3.jpg\" alt=\"appartamento a la thuile\" title=\"appartamento a la thuile 2\"><\/noscript><\/sr7-bg>\n\t\t\t\t\t\t\t<sr7-txt id=\"SR7_38_1-182-0\" class=\"sr7-layer\">Appartement trois pi\u00e8ces 2<\/sr7-txt>\n\t\t\t\t\t\t\t<a id=\"SR7_38_1-182-6\" class=\"sr7-layer\" href=\"\/fr\/appartements-trois-pieces\/appartement-trois-pieces-2\/\" target=\"_self\">En savoir plus <i class=\"fa-chevron-right\"><\/i><\/a>\n\t\t\t\t\t\t<\/sr7-slide>\n\t\t\t\t\t\t<sr7-slide id=\"SR7_38_1-183\" data-key=\"183\">\n\t\t\t\t\t\t\t<sr7-bg id=\"SR7_38_1-183-7\" class=\"sr7-layer\"><noscript><img decoding=\"async\" src=\"https:\/\/lathuileapartments.com\/wp-content\/uploads\/2024\/07\/appartamento-a-la-thuile-3-4.jpg\" alt=\"appartamento a la thuile\" title=\"appartamento a la thuile 3\"><\/noscript><\/sr7-bg>\n\t\t\t\t\t\t\t<sr7-txt id=\"SR7_38_1-183-3\" class=\"sr7-layer\">Appartement trois pi\u00e8ces 3<\/sr7-txt>\n\t\t\t\t\t\t\t<a id=\"SR7_38_1-183-6\" class=\"sr7-layer\" href=\"\/fr\/appartements-trois-pieces\/appartement-trois-pieces-3\/\" target=\"_self\">En savoir plus <i class=\"fa-chevron-right\"><\/i><\/a>\n\t\t\t\t\t\t<\/sr7-slide>\n\t\t\t\t\t\t<sr7-slide id=\"SR7_38_1-192\" data-key=\"192\">\n\t\t\t\t\t\t<\/sr7-slide>\n\t\t\t\t\t\t<\/sr7-carousel>\n\t\t\t\t\t<\/sr7-content>\n\t\t\t\t\t<image_lists style=\"display:none\">\n\t\t\t\t\t\t<img data-src=\"\/\/lathuileapartments.com\/wp-content\/uploads\/2024\/07\/appartamento-a-la-thuile-1-1.jpg\" data-libid=\"9403\" data-lib=\"medialibrary\" alt=\"appartamento a la thuile\" title=\"appartamento a la thuile 1\" width=\"0\" height=\"0\" data-dbsrc=\"Ly9sYXRodWlsZWFwYXJ0bWVudHMuY29tL3dwLWNvbnRlbnQvdXBsb2Fkcy8yMDI0LzA3L2FwcGFydGFtZW50by1hLWxhLXRodWlsZS0xLTEuanBn\"\/>\n\t\t\t\t\t\t<img data-src=\"\/\/lathuileapartments.com\/wp-content\/uploads\/2024\/07\/appartamento-a-la-thuile-2-3.jpg\" data-libid=\"9459\" data-lib=\"medialibrary\" alt=\"appartamento a la thuile\" title=\"appartamento a la thuile 2\" width=\"0\" height=\"0\" data-dbsrc=\"Ly9sYXRodWlsZWFwYXJ0bWVudHMuY29tL3dwLWNvbnRlbnQvdXBsb2Fkcy8yMDI0LzA3L2FwcGFydGFtZW50by1hLWxhLXRodWlsZS0yLTMuanBn\"\/>\n\t\t\t\t\t\t<img data-src=\"\/\/lathuileapartments.com\/wp-content\/uploads\/2024\/07\/appartamento-a-la-thuile-3-4.jpg\" data-libid=\"9512\" data-lib=\"medialibrary\" alt=\"appartamento a la thuile\" title=\"appartamento a la thuile 3\" width=\"0\" height=\"0\" data-dbsrc=\"Ly9sYXRodWlsZWFwYXJ0bWVudHMuY29tL3dwLWNvbnRlbnQvdXBsb2Fkcy8yMDI0LzA3L2FwcGFydGFtZW50by1hLWxhLXRodWlsZS0zLTQuanBn\"\/>\n\t\t\t\t\t<\/image_lists>\n\t\t\t\t<\/sr7-module>\n\t\t\t\t<script>\n\t\t\t\t\twindow.SR7 ??={};SR7.PMH ??={}; SR7.PMH[\"SR7_38_1\"] = {cn:100,state:false,fn: function() { if (window._tpt!==undefined && window._tpt.prepareModuleHeight !== undefined) {  _tpt.prepareModuleHeight({id:\"SR7_38_1\",el:[600,600,600,500,400],type:'carousel',shdw:'0',gh:[600,600,600,500,400],gw:[800,800,700,400,300],vpt:['-200px&#039;,&#039;-200px&#039;,&#039;-200px&#039;,&#039;-200px&#039;,&#039;-200px'],size:{fullWidth:true, fullHeight:false},mh:'0',onh:60,onw:220,bg:{color:'{\"type\":\"solid\",\"orig\":\"#000000\",\"string\":\"rgba(0, 0, 0, 1)\"}'},carousel:{pt:'0',pb:'0'},plType:'-1',plColor:'#FFFFFF'});   SR7.PMH[\"SR7_38_1\"].state=true;} else if(SR7.PMH[\"SR7_38_1\"].cn-->0)\tsetTimeout( SR7.PMH[\"SR7_38_1\"].fn,19);}};SR7.PMH[\"SR7_38_1\" ].fn();\n\t\t\t\t<\/script>\n<\/div>\n\n\t\t\t\t\t\t<\/div>\n\t\t\t\t<\/div>\n\t\t\t\t\t<\/div>\n\t\t<\/div>\n\t\t\t\t\t<\/div>\n\t\t<\/section>\n\t\t\t\t<\/div>\n\t\t","protected":false},"excerpt":{"rendered":"<p>Nos Appartements trois pi\u00e8ces Nos appartements trois pi\u00e8ces, spacieux et fonctionnels, sont id\u00e9aux pour les familles ou les groupes d&#8217;amis qui souhaitent passer des vacances plac\u00e9es sous le signe de la convivialit\u00e9 et du confort, dans une authentique atmosph\u00e8re alpine.<\/p>\n","protected":false},"author":1,"featured_media":0,"parent":0,"menu_order":0,"comment_status":"closed","ping_status":"closed","template":"","meta":{"footnotes":""},"class_list":["post-10414","page","type-page","status-publish","hentry"],"yoast_head":"<!-- This site is optimized with the Yoast SEO plugin v27.6 - https:\/\/yoast.com\/product\/yoast-seo-wordpress\/ -->\n<title>Appartements trois pi\u00e8ces - Appartamenti in affitto a La Thuile<\/title>\n<meta name=\"robots\" content=\"index, follow, max-snippet:-1, max-image-preview:large, max-video-preview:-1\" \/>\n<link rel=\"canonical\" href=\"https:\/\/lathuileapartments.com\/fr\/appartements-trois-pieces\/\" \/>\n<meta property=\"og:locale\" content=\"fr_FR\" \/>\n<meta property=\"og:type\" content=\"article\" \/>\n<meta property=\"og:title\" content=\"Appartements trois pi\u00e8ces - Appartamenti in affitto a La Thuile\" \/>\n<meta property=\"og:description\" content=\"Nos Appartements trois pi\u00e8ces Nos appartements trois pi\u00e8ces, spacieux et fonctionnels, sont id\u00e9aux pour les familles ou les groupes d&#8217;amis qui souhaitent passer des vacances plac\u00e9es sous le signe de la convivialit\u00e9 et du confort, dans une authentique atmosph\u00e8re alpine.\" \/>\n<meta property=\"og:url\" content=\"https:\/\/lathuileapartments.com\/fr\/appartements-trois-pieces\/\" \/>\n<meta property=\"og:site_name\" content=\"Appartamenti in affitto a La Thuile\" \/>\n<meta property=\"article:modified_time\" content=\"2024-07-29T12:51:57+00:00\" \/>\n<meta name=\"twitter:card\" content=\"summary_large_image\" \/>\n<meta name=\"twitter:label1\" content=\"Dur\u00e9e de lecture estim\u00e9e\" \/>\n\t<meta name=\"twitter:data1\" content=\"1 minute\" \/>\n<script type=\"application\/ld+json\" class=\"yoast-schema-graph\">{\"@context\":\"https:\\\/\\\/schema.org\",\"@graph\":[{\"@type\":\"WebPage\",\"@id\":\"https:\\\/\\\/lathuileapartments.com\\\/fr\\\/appartements-trois-pieces\\\/\",\"url\":\"https:\\\/\\\/lathuileapartments.com\\\/fr\\\/appartements-trois-pieces\\\/\",\"name\":\"Appartements trois pi\u00e8ces - Appartamenti in affitto a La Thuile\",\"isPartOf\":{\"@id\":\"https:\\\/\\\/lathuileapartments.com\\\/#website\"},\"datePublished\":\"2024-07-02T08:14:52+00:00\",\"dateModified\":\"2024-07-29T12:51:57+00:00\",\"breadcrumb\":{\"@id\":\"https:\\\/\\\/lathuileapartments.com\\\/fr\\\/appartements-trois-pieces\\\/#breadcrumb\"},\"inLanguage\":\"fr-FR\",\"potentialAction\":[{\"@type\":\"ReadAction\",\"target\":[\"https:\\\/\\\/lathuileapartments.com\\\/fr\\\/appartements-trois-pieces\\\/\"]}]},{\"@type\":\"BreadcrumbList\",\"@id\":\"https:\\\/\\\/lathuileapartments.com\\\/fr\\\/appartements-trois-pieces\\\/#breadcrumb\",\"itemListElement\":[{\"@type\":\"ListItem\",\"position\":1,\"name\":\"Accueil\",\"item\":\"https:\\\/\\\/lathuileapartments.com\\\/\"},{\"@type\":\"ListItem\",\"position\":2,\"name\":\"Appartements trois pi\u00e8ces\"}]},{\"@type\":\"WebSite\",\"@id\":\"https:\\\/\\\/lathuileapartments.com\\\/#website\",\"url\":\"https:\\\/\\\/lathuileapartments.com\\\/\",\"name\":\"Appartamenti in affitto a La Thuile\",\"description\":\"La Thuile apartments\",\"potentialAction\":[{\"@type\":\"SearchAction\",\"target\":{\"@type\":\"EntryPoint\",\"urlTemplate\":\"https:\\\/\\\/lathuileapartments.com\\\/?s={search_term_string}\"},\"query-input\":{\"@type\":\"PropertyValueSpecification\",\"valueRequired\":true,\"valueName\":\"search_term_string\"}}],\"inLanguage\":\"fr-FR\"}]}<\/script>\n<!-- \/ Yoast SEO plugin. -->","yoast_head_json":{"title":"Appartements trois pi\u00e8ces - Appartamenti in affitto a La Thuile","robots":{"index":"index","follow":"follow","max-snippet":"max-snippet:-1","max-image-preview":"max-image-preview:large","max-video-preview":"max-video-preview:-1"},"canonical":"https:\/\/lathuileapartments.com\/fr\/appartements-trois-pieces\/","og_locale":"fr_FR","og_type":"article","og_title":"Appartements trois pi\u00e8ces - Appartamenti in affitto a La Thuile","og_description":"Nos Appartements trois pi\u00e8ces Nos appartements trois pi\u00e8ces, spacieux et fonctionnels, sont id\u00e9aux pour les familles ou les groupes d&#8217;amis qui souhaitent passer des vacances plac\u00e9es sous le signe de la convivialit\u00e9 et du confort, dans une authentique atmosph\u00e8re alpine.","og_url":"https:\/\/lathuileapartments.com\/fr\/appartements-trois-pieces\/","og_site_name":"Appartamenti in affitto a La Thuile","article_modified_time":"2024-07-29T12:51:57+00:00","twitter_card":"summary_large_image","twitter_misc":{"Dur\u00e9e de lecture estim\u00e9e":"1 minute"},"schema":{"@context":"https:\/\/schema.org","@graph":[{"@type":"WebPage","@id":"https:\/\/lathuileapartments.com\/fr\/appartements-trois-pieces\/","url":"https:\/\/lathuileapartments.com\/fr\/appartements-trois-pieces\/","name":"Appartements trois pi\u00e8ces - Appartamenti in affitto a La Thuile","isPartOf":{"@id":"https:\/\/lathuileapartments.com\/#website"},"datePublished":"2024-07-02T08:14:52+00:00","dateModified":"2024-07-29T12:51:57+00:00","breadcrumb":{"@id":"https:\/\/lathuileapartments.com\/fr\/appartements-trois-pieces\/#breadcrumb"},"inLanguage":"fr-FR","potentialAction":[{"@type":"ReadAction","target":["https:\/\/lathuileapartments.com\/fr\/appartements-trois-pieces\/"]}]},{"@type":"BreadcrumbList","@id":"https:\/\/lathuileapartments.com\/fr\/appartements-trois-pieces\/#breadcrumb","itemListElement":[{"@type":"ListItem","position":1,"name":"Accueil","item":"https:\/\/lathuileapartments.com\/"},{"@type":"ListItem","position":2,"name":"Appartements trois pi\u00e8ces"}]},{"@type":"WebSite","@id":"https:\/\/lathuileapartments.com\/#website","url":"https:\/\/lathuileapartments.com\/","name":"Appartamenti in affitto a La Thuile","description":"La Thuile apartments","potentialAction":[{"@type":"SearchAction","target":{"@type":"EntryPoint","urlTemplate":"https:\/\/lathuileapartments.com\/?s={search_term_string}"},"query-input":{"@type":"PropertyValueSpecification","valueRequired":true,"valueName":"search_term_string"}}],"inLanguage":"fr-FR"}]}},"_links":{"self":[{"href":"https:\/\/lathuileapartments.com\/fr\/wp-json\/wp\/v2\/pages\/10414","targetHints":{"allow":["GET"]}}],"collection":[{"href":"https:\/\/lathuileapartments.com\/fr\/wp-json\/wp\/v2\/pages"}],"about":[{"href":"https:\/\/lathuileapartments.com\/fr\/wp-json\/wp\/v2\/types\/page"}],"author":[{"embeddable":true,"href":"https:\/\/lathuileapartments.com\/fr\/wp-json\/wp\/v2\/users\/1"}],"replies":[{"embeddable":true,"href":"https:\/\/lathuileapartments.com\/fr\/wp-json\/wp\/v2\/comments?post=10414"}],"version-history":[{"count":4,"href":"https:\/\/lathuileapartments.com\/fr\/wp-json\/wp\/v2\/pages\/10414\/revisions"}],"predecessor-version":[{"id":10457,"href":"https:\/\/lathuileapartments.com\/fr\/wp-json\/wp\/v2\/pages\/10414\/revisions\/10457"}],"wp:attachment":[{"href":"https:\/\/lathuileapartments.com\/fr\/wp-json\/wp\/v2\/media?parent=10414"}],"curies":[{"name":"wp","href":"https:\/\/api.w.org\/{rel}","templated":true}]}}